{"id":21,"date":"2023-06-21T06:37:07","date_gmt":"2023-06-21T06:37:07","guid":{"rendered":"https:\/\/valencianadecopias.es\/web\/about\/"},"modified":"2024-01-03T07:00:43","modified_gmt":"2024-01-03T07:00:43","slug":"empresa","status":"publish","type":"page","link":"https:\/\/valencianadecopias.es\/web\/empresa\/","title":{"rendered":"Empresa"},"content":{"rendered":"\n\n\n\n\n<h2><span style=\"color: #2A83F9\">Valenciana de Copias<br><\/span><\/h2>\n<h4>\n\u00bfQu\u00e9 hacemos?\n<\/h4>\n<h6>\nValenciana de Copias le ofrece una sencilla soluci\u00f3n con la que podremos gestionar todas las impresiones y copias del entorno de red haciendo un seguimiento a nuestro documento y la posibilidad de imprimir, enviarlo o reservarlo para futuras utilidades.\n<\/h6>\n<h6>\nPodremos realizar gestiones \u00fatiles para usuario sin la necesidad de la presencia de un administrador y sin que pueda ocasionar ninguna complicaci\u00f3n para el sistema.\n<\/h6>\n<h6>\nLa gesti\u00f3n del administrador podr\u00e1 realizarla desde cualquier punto del entorno de red, donde acceder\u00e1 de manera segura, y le permitir\u00e1 realizar todas las operaciones necesarias como transacciones, gesti\u00f3n de cuotas, creaci\u00f3n de informes, etc.\n<\/h6>\n<h6>\nDe esta manera podr\u00e1 optimizar el uso del papel, evitar cargas excesivas, esperas o m\u00e1quinas en desuso o gasto inapropiado.\n<\/h6>\n<h4>\nControl Total\n<\/h4>\n<h6>\nSeguimiento y control total de las impresiones y copias de todas las impresoras y fotocopiadoras. Monitorizaci\u00f3n detallada de un documento, qu\u00e9 usuario lo envi\u00f3, cu\u00e1ndo y desde d\u00f3nde realiz\u00f3 la tarea.\n<\/h6>\n<h4>\nAhorro de papel\n<\/h4>\n<h6>\nReduzca considerablemente el consumo de papel gracias al traspaso de documentos electr\u00f3nicos, escaneado de documentos y la posibilidad de repartirlos editarlos y remitirlos sin la necesidad de utilizar papel. La herramienta le mantendr\u00e1 informado de cu\u00e1l es el dispositivo donde la impresi\u00f3n nos resultar\u00e1 m\u00e1s econ\u00f3mica.\n<\/h6>\n<h4>\nPersonalizaci\u00f3n de limitaciones\n<\/h4>\n<h6>\nPersonalice el flujo y la distribuci\u00f3n de las impresoras. Administre por grupos clases o de forma individual qui\u00e9n puede imprimir y de qu\u00e9 manera se le permite hacerlo.\n<\/h6>\n<h4>\nCompatibilidad\n<\/h4>\n<h6>\nEl software utilizado es compatible con cualquier entorno o sistema operativo, GNU\/Linux, Mac OS X, y Windows. Totalmente compatible con la plataforma Lliurex. La administraci\u00f3n del programa se realiza v\u00eda web con lo que podr\u00e1 acceder desde cualquier PC conectado a la red, as\u00ed como entrar en modo usuario para controlar nuestro saldo, el estado de nuestros trabajos, etc.\n<\/h6>\n<h4>\nUna soluci\u00f3n sencilla y econ\u00f3mica\n<\/h4>\n<h6>\nLa herramienta web de gesti\u00f3n le da acceso a todas las aplicaciones de consulta, contacto con servicio t\u00e9cnico, descarga de programas gu\u00edas y manuales, enlace a la web del centro, acceso seguro a carpetas de departamentos.\n<\/h6>\n<h6>\nLa gesti\u00f3n de autenticaci\u00f3n de usuario le permite acceder a su propio espacio de almacenamiento de manera totalmente segura. Pudiendo intercambiar archivos con el resto de usuarios o con el grupo o departamento deseado.\n<\/h6>\n<h6>\nValenciana de Copias le ofrece a su vez mantenimiento inform\u00e1tico para todos los dispositivos de nuestro entorno de red, manteniendo en todo momento un control de aver\u00edas de impresoras y fotocopiadoras as\u00ed como la falta de consumibles o el uso inapropiado de las herramientas de las que disponemos. Mediante un entorno controlado y seguro, se optimizar\u00e1 el uso y la utilizaci\u00f3n de los dispositivos inform\u00e1ticos.\n<\/h6>\n<h4>\nHerramienta de monitorizaci\u00f3n\n<\/h4>\n<h6>\nCon la herramienta de monitorizaci\u00f3n tendr\u00e1 una puerta abierta a toda la gesti\u00f3n documental que circula por las fotocopiadoras. As\u00ed como la documentaci\u00f3n necesaria para la utilizaci\u00f3n de los dispositivos y herramientas manuales, instrucciones, drivers y aplicaciones, etc.\n<\/h6>\n<h4>\nAdministraci\u00f3n\n<\/h4>\n<h6>\nEl administrador tendr\u00e1 acceso a todas las carpetas de departamentos del centro pudiendo hacer el env\u00edo electr\u00f3nico de un archivo para todos los usuarios elegidos.\n<\/h6>\n<h6>\nPodr\u00e1 tener controlado el acceso a los dispositivos, las aver\u00edas, los atascos, la falta de t\u00f3ner, la falta de papel o cualquier incidencia a rese\u00f1ar en lo referente a las fotocopiadoras.\n<\/h6>\n<h4>\nExplorador de VLC\n<\/h4>\n<h6>\nDesde el explorador de VLC puede acceder a su propio espacio de almacenamiento en la web VLC de manera totalmente segura, pudiendo enviar o intercambiar archivos con l\u00edmites de capacidad a concertar con el centro.\n<\/h6>\n<h4>\n\u00c1rea de soporte\n<\/h4>\n<h6>\nEncontrar\u00e1 enlaces a gu\u00edas, programas, drivers manuales e instrucciones, ante posibles dudas que pueda tener el administrador o el usuario.\n<\/h6>\n<h4>\nCopias de seguridad\n<\/h4>\n<h6>\nSe realizar\u00e1n copias de seguridad peri\u00f3dicas, para asegurarnos de que nuestros datos est\u00e1n a salvo en caso de incidencia o aver\u00eda de hardware.\n<\/h6>\n<h4>\nMantenimiento\n<\/h4>\n<h6>\nSe puede encargar a su vez de las instalaciones de cableado, redes seguras, como nuevos espacios de red del centro as\u00ed como de los dispositivos inform\u00e1ticos, en todo momento mantendr\u00e1 un contacto de apoyo multimedia para los posibles problemas.\n<\/h6>\n<h4>\nTarjetas de autenticaci\u00f3n\n<\/h4>\n<h6>\nLos usuarios utilizar\u00e1n su tarjeta o el mismo carn\u00e9 escolar para validarse en la fotocopiadora, y as\u00ed poder acceder a los documentos impresos, guardados o para poder realizar fotocopias simplemente.\n<\/h6>\n<h6>\nSe le proporcionar\u00e1 al centro la documentaci\u00f3n necesaria para el cumplimiento total de la ley de protecci\u00f3n de datos.\n<\/h6>\n\n\n\n\n\n","protected":false},"excerpt":{"rendered":"","protected":false},"author":1,"featured_media":0,"parent":0,"menu_order":0,"comment_status":"closed","ping_status":"closed","template":"","meta":{"footnotes":""},"class_list":["post-21","page","type-page","status-publish","hentry"],"_links":{"self":[{"href":"https:\/\/valencianadecopias.es\/web\/wp-json\/wp\/v2\/pages\/21","targetHints":{"allow":["GET"]}}],"collection":[{"href":"https:\/\/valencianadecopias.es\/web\/wp-json\/wp\/v2\/pages"}],"about":[{"href":"https:\/\/valencianadecopias.es\/web\/wp-json\/wp\/v2\/types\/page"}],"author":[{"embeddable":true,"href":"https:\/\/valencianadecopias.es\/web\/wp-json\/wp\/v2\/users\/1"}],"replies":[{"embeddable":true,"href":"https:\/\/valencianadecopias.es\/web\/wp-json\/wp\/v2\/comments?post=21"}],"version-history":[{"count":3,"href":"https:\/\/valencianadecopias.es\/web\/wp-json\/wp\/v2\/pages\/21\/revisions"}],"predecessor-version":[{"id":124,"href":"https:\/\/valencianadecopias.es\/web\/wp-json\/wp\/v2\/pages\/21\/revisions\/124"}],"wp:attachment":[{"href":"https:\/\/valencianadecopias.es\/web\/wp-json\/wp\/v2\/media?parent=21"}],"curies":[{"name":"wp","href":"https:\/\/api.w.org\/{rel}","templated":true}]}}